{"id":969,"date":"2024-01-16T17:21:21","date_gmt":"2024-01-16T20:21:21","guid":{"rendered":"https:\/\/rommel.adv.br\/?page_id=969"},"modified":"2024-12-18T15:15:10","modified_gmt":"2024-12-18T18:15:10","slug":"blog","status":"publish","type":"page","link":"https:\/\/rommel.adv.br\/en\/blog\/","title":{"rendered":"News"},"content":{"rendered":"<div data-elementor-type=\"wp-page\" data-elementor-id=\"969\" class=\"elementor elementor-969\" data-elementor-post-type=\"page\">\n\t\t\t\t\t\t<section class=\"elementor-section elementor-top-section elementor-element elementor-element-5e96c5a elementor-section-boxed elementor-section-height-default elementor-section-height-default\" data-id=\"5e96c5a\" data-element_type=\"section\" data-settings=\"{&quot;background_background&quot;:&quot;classic&quot;}\">\n\t\t\t\t\t\t\t<div class=\"elementor-background-overlay\"><\/div>\n\t\t\t\t\t\t\t<div class=\"elementor-container elementor-column-gap-default\">\n\t\t\t\t\t<div class=\"elementor-column elementor-col-100 elementor-top-column elementor-element elementor-element-4f5465d\" data-id=\"4f5465d\" data-element_type=\"column\">\n\t\t\t<div class=\"elementor-widget-wrap\">\n\t\t\t\t\t\t\t<\/div>\n\t\t<\/div>\n\t\t\t\t\t<\/div>\n\t\t<\/section>\n\t\t<div class=\"elementor-element elementor-element-5d65404 e-flex e-con-boxed e-con e-parent\" data-id=\"5d65404\" data-element_type=\"container\">\n\t\t\t\t\t<div class=\"e-con-inner\">\n\t\t\t\t<div class=\"elementor-element elementor-element-1f294e0 elementor-grid-3 elementor-grid-tablet-2 elementor-grid-mobile-1 elementor-posts--thumbnail-top elementor-widget elementor-widget-posts\" data-id=\"1f294e0\" data-element_type=\"widget\" data-settings=\"{&quot;classic_columns&quot;:&quot;3&quot;,&quot;classic_columns_tablet&quot;:&quot;2&quot;,&quot;classic_columns_mobile&quot;:&quot;1&quot;,&quot;classic_row_gap&quot;:{&quot;unit&quot;:&quot;px&quot;,&quot;size&quot;:35,&quot;sizes&quot;:[]},&quot;classic_row_gap_tablet&quot;:{&quot;unit&quot;:&quot;px&quot;,&quot;size&quot;:&quot;&quot;,&quot;sizes&quot;:[]},&quot;classic_row_gap_mobile&quot;:{&quot;unit&quot;:&quot;px&quot;,&quot;size&quot;:&quot;&quot;,&quot;sizes&quot;:[]}}\" data-widget_type=\"posts.classic\">\n\t\t\t\t<div class=\"elementor-widget-container\">\n\t\t\t\t\t\t\t<div class=\"elementor-posts-container elementor-posts elementor-posts--skin-classic elementor-grid\" role=\"list\">\n\t\t\t\t<article class=\"elementor-post elementor-grid-item post-1412 post type-post status-publish format-standard hentry category-sem-categoria\" role=\"listitem\">\n\t\t\t\t<div class=\"elementor-post__text\">\n\t\t\t\t<h3 class=\"elementor-post__title\">\n\t\t\t<a href=\"https:\/\/rommel.adv.br\/en\/prescricao-intercorrente-como-uma-lei-de-2021-esta-extinguindo-milhares-de-processos-de-cobranca-e-o-que-fazer-com-relacao-a-isso\/\" >\n\t\t\t\tPrescri\u00e7\u00e3o intercorrente: como uma Lei de 2021 est\u00e1 extinguindo milhares de processos de cobran\u00e7a e o que fazer com rela\u00e7\u00e3o a isso\t\t\t<\/a>\n\t\t<\/h3>\n\t\t\t\t<div class=\"elementor-post__meta-data\">\n\t\t\t\t\t<span class=\"elementor-post-date\">\n\t\t\t10 de November de 2025\t\t<\/span>\n\t\t\t\t<span class=\"elementor-post-avatar\">\n\t\t\tNo Comments\t\t<\/span>\n\t\t\t\t<\/div>\n\t\t\t\t<div class=\"elementor-post__excerpt\">\n\t\t\t<p>Por Prof. Rommel Andriotti &#8220;O Direito n\u00e3o socorre aos que dormem&#8221; (Dormientibus non succurrit jus). Dentre tantas repercuss\u00f5es dessa m\u00e1xima jur\u00eddica, h\u00e1 uma pouco conhecida<\/p>\n\t\t<\/div>\n\t\t\n\t\t<a class=\"elementor-post__read-more\" href=\"https:\/\/rommel.adv.br\/en\/prescricao-intercorrente-como-uma-lei-de-2021-esta-extinguindo-milhares-de-processos-de-cobranca-e-o-que-fazer-com-relacao-a-isso\/\" aria-label=\"Read more about Prescri\u00e7\u00e3o intercorrente: como uma Lei de 2021 est\u00e1 extinguindo milhares de processos de cobran\u00e7a e o que fazer com rela\u00e7\u00e3o a isso\" tabindex=\"-1\" >\n\t\t\tRead more \"\t\t<\/a>\n\n\t\t\t\t<\/div>\n\t\t\t\t<\/article>\n\t\t\t\t<article class=\"elementor-post elementor-grid-item post-1397 post type-post status-publish format-standard hentry category-sem-categoria\" role=\"listitem\">\n\t\t\t\t<div class=\"elementor-post__text\">\n\t\t\t\t<h3 class=\"elementor-post__title\">\n\t\t\t<a href=\"https:\/\/rommel.adv.br\/en\/justica-que-nao-sai-do-papel-a-frustracao-do-ganhou-mas-nao-levou-e-o-problema-da-eficacia-dos-processos-de-execucao-no-brasil\/\" >\n\t\t\t\tJusti\u00e7a que n\u00e3o sai do papel: a frustra\u00e7\u00e3o do &#8220;ganhou, mas n\u00e3o levou&#8221; e o problema da efic\u00e1cia dos processos de execu\u00e7\u00e3o no Brasil\t\t\t<\/a>\n\t\t<\/h3>\n\t\t\t\t<div class=\"elementor-post__meta-data\">\n\t\t\t\t\t<span class=\"elementor-post-date\">\n\t\t\t21 de October de 2025\t\t<\/span>\n\t\t\t\t<span class=\"elementor-post-avatar\">\n\t\t\tNo Comments\t\t<\/span>\n\t\t\t\t<\/div>\n\t\t\t\t<div class=\"elementor-post__excerpt\">\n\t\t\t<p>Por Dr. Rommel Andriotti No Brasil, uma sensa\u00e7\u00e3o amarga tem se tornado cada vez mais comum para cidad\u00e3os e empresas que buscam o Judici\u00e1rio para<\/p>\n\t\t<\/div>\n\t\t\n\t\t<a class=\"elementor-post__read-more\" href=\"https:\/\/rommel.adv.br\/en\/justica-que-nao-sai-do-papel-a-frustracao-do-ganhou-mas-nao-levou-e-o-problema-da-eficacia-dos-processos-de-execucao-no-brasil\/\" aria-label=\"Read more about Justi\u00e7a que n\u00e3o sai do papel: a frustra\u00e7\u00e3o do &#8220;ganhou, mas n\u00e3o levou&#8221; e o problema da efic\u00e1cia dos processos de execu\u00e7\u00e3o no Brasil\" tabindex=\"-1\" >\n\t\t\tRead more \"\t\t<\/a>\n\n\t\t\t\t<\/div>\n\t\t\t\t<\/article>\n\t\t\t\t<article class=\"elementor-post elementor-grid-item post-1390 post type-post status-publish format-standard hentry category-juridico tag-casamento tag-divorcio tag-lei tag-rommel tag-rommel-adv tag-rommel-andriotti tag-separacao\" role=\"listitem\">\n\t\t\t\t<div class=\"elementor-post__text\">\n\t\t\t\t<h3 class=\"elementor-post__title\">\n\t\t\t<a href=\"https:\/\/rommel.adv.br\/en\/divorcio-unilateral-agilidade-e-autonomia-no-fim-do-casamento\/\" >\n\t\t\t\tDiv\u00f3rcio unilateral: agilidade e autonomia no fim do casamento\t\t\t<\/a>\n\t\t<\/h3>\n\t\t\t\t<div class=\"elementor-post__meta-data\">\n\t\t\t\t\t<span class=\"elementor-post-date\">\n\t\t\t28 de July de 2025\t\t<\/span>\n\t\t\t\t<span class=\"elementor-post-avatar\">\n\t\t\tNo Comments\t\t<\/span>\n\t\t\t\t<\/div>\n\t\t\t\t<div class=\"elementor-post__excerpt\">\n\t\t\t<p>Div\u00f3rcio unilateral: agilidade e autonomia no fim do casamento As rela\u00e7\u00f5es familiares t\u00eam se transformado profundamente nos \u00faltimos anos, e o direito tem acompanhado essas<\/p>\n\t\t<\/div>\n\t\t\n\t\t<a class=\"elementor-post__read-more\" href=\"https:\/\/rommel.adv.br\/en\/divorcio-unilateral-agilidade-e-autonomia-no-fim-do-casamento\/\" aria-label=\"Read more about Div\u00f3rcio unilateral: agilidade e autonomia no fim do casamento\" tabindex=\"-1\" >\n\t\t\tRead more \"\t\t<\/a>\n\n\t\t\t\t<\/div>\n\t\t\t\t<\/article>\n\t\t\t\t<article class=\"elementor-post elementor-grid-item post-1370 post type-post status-publish format-standard hentry category-sem-categoria\" role=\"listitem\">\n\t\t\t\t<div class=\"elementor-post__text\">\n\t\t\t\t<h3 class=\"elementor-post__title\">\n\t\t\t<a href=\"https:\/\/rommel.adv.br\/en\/honorarios-sucumbenciais-no-idpj-podem-gerar-debates-e-incertezas-no-combate-a-fraudes\/\" >\n\t\t\t\tHonor\u00e1rios sucumbenciais no IDPJ podem gerar debates e incertezas no combate a fraudes\t\t\t<\/a>\n\t\t<\/h3>\n\t\t\t\t<div class=\"elementor-post__meta-data\">\n\t\t\t\t\t<span class=\"elementor-post-date\">\n\t\t\t8 de April de 2025\t\t<\/span>\n\t\t\t\t<span class=\"elementor-post-avatar\">\n\t\t\tNo Comments\t\t<\/span>\n\t\t\t\t<\/div>\n\t\t\t\t<div class=\"elementor-post__excerpt\">\n\t\t\t<p>O Superior Tribunal de Justi\u00e7a decidiu recentemente que na \u2018desconsidera\u00e7\u00e3o de personalidade jur\u00eddica\u2019 cabem honor\u00e1rios para o advogado do devedor se o incidente for julgado<\/p>\n\t\t<\/div>\n\t\t\n\t\t<a class=\"elementor-post__read-more\" href=\"https:\/\/rommel.adv.br\/en\/honorarios-sucumbenciais-no-idpj-podem-gerar-debates-e-incertezas-no-combate-a-fraudes\/\" aria-label=\"Read more about Honor\u00e1rios sucumbenciais no IDPJ podem gerar debates e incertezas no combate a fraudes\" tabindex=\"-1\" >\n\t\t\tRead more \"\t\t<\/a>\n\n\t\t\t\t<\/div>\n\t\t\t\t<\/article>\n\t\t\t\t<article class=\"elementor-post elementor-grid-item post-963 post type-post status-publish format-standard hentry category-juridico tag-advogado tag-direito-civil tag-juridico tag-rommel-andriotti\" role=\"listitem\">\n\t\t\t\t<div class=\"elementor-post__text\">\n\t\t\t\t<h3 class=\"elementor-post__title\">\n\t\t\t<a href=\"https:\/\/rommel.adv.br\/en\/desconsideracao-da-personalidade-juridica-vantagens-praticas-do-instituto\/\" >\n\t\t\t\tDISREGARD OF LEGAL PERSONALITY: practical advantages of the institute\t\t\t<\/a>\n\t\t<\/h3>\n\t\t\t\t<div class=\"elementor-post__meta-data\">\n\t\t\t\t\t<span class=\"elementor-post-date\">\n\t\t\t16 de January de 2024\t\t<\/span>\n\t\t\t\t<span class=\"elementor-post-avatar\">\n\t\t\tNo Comments\t\t<\/span>\n\t\t\t\t<\/div>\n\t\t\t\t<div class=\"elementor-post__excerpt\">\n\t\t\t<p>RESUMO: A desconsidera\u00e7\u00e3o da personalidade jur\u00eddica \u00e9 um dos quatro grandes institutos de desmantelamento de fraudes, juntamente com a fraude \u00e0 execu\u00e7\u00e3o, a fraude contra<\/p>\n\t\t<\/div>\n\t\t\n\t\t<a class=\"elementor-post__read-more\" href=\"https:\/\/rommel.adv.br\/en\/desconsideracao-da-personalidade-juridica-vantagens-praticas-do-instituto\/\" aria-label=\"Read more about DESCONSIDERA\u00c7\u00c3O DA PERSONALIDADE JUR\u00cdDICA: vantagens pr\u00e1ticas do instituto\" tabindex=\"-1\" >\n\t\t\tRead more \"\t\t<\/a>\n\n\t\t\t\t<\/div>\n\t\t\t\t<\/article>\n\t\t\t\t<article class=\"elementor-post elementor-grid-item post-960 post type-post status-publish format-standard hentry category-legislacao tag-codigo-civil tag-fidunciaria tag-legislacao\" role=\"listitem\">\n\t\t\t\t<div class=\"elementor-post__text\">\n\t\t\t\t<h3 class=\"elementor-post__title\">\n\t\t\t<a href=\"https:\/\/rommel.adv.br\/en\/propriedade-fiduciaria-no-codigo-civil-e-na-legislacao-extravagante-nocoes-gerais\/\" >\n\t\t\t\tFIDUCIARY PROPERTY IN THE CIVIL CODE AND EXTRAVAGANT LEGISLATION: GENERAL NOTIONS\t\t\t<\/a>\n\t\t<\/h3>\n\t\t\t\t<div class=\"elementor-post__meta-data\">\n\t\t\t\t\t<span class=\"elementor-post-date\">\n\t\t\t16 de January de 2024\t\t<\/span>\n\t\t\t\t<span class=\"elementor-post-avatar\">\n\t\t\tNo Comments\t\t<\/span>\n\t\t\t\t<\/div>\n\t\t\t\t<div class=\"elementor-post__excerpt\">\n\t\t\t<p>A aliena\u00e7\u00e3o fiduci\u00e1ria \u00e9 um dos institutos de garantia mais importantes do Brasil atualmente. \u00c9 tema indispens\u00e1vel do Direito Privado Brasileiro e interessa n\u00e3o s\u00f3<\/p>\n\t\t<\/div>\n\t\t\n\t\t<a class=\"elementor-post__read-more\" href=\"https:\/\/rommel.adv.br\/en\/propriedade-fiduciaria-no-codigo-civil-e-na-legislacao-extravagante-nocoes-gerais\/\" aria-label=\"Read more about PROPRIEDADE FIDUCI\u00c1RIA NO C\u00d3DIGO CIVIL E NA LEGISLA\u00c7\u00c3O EXTRAVAGANTE: NO\u00c7\u00d5ES GERAIS\" tabindex=\"-1\" >\n\t\t\tRead more \"\t\t<\/a>\n\n\t\t\t\t<\/div>\n\t\t\t\t<\/article>\n\t\t\t\t<\/div>\n\t\t\n\t\t\t\t\t\t<\/div>\n\t\t\t\t<\/div>\n\t\t\t\t\t<\/div>\n\t\t\t\t<\/div>\n\t\t\t\t<\/div>","protected":false},"excerpt":{"rendered":"","protected":false},"author":1,"featured_media":0,"parent":0,"menu_order":0,"comment_status":"closed","ping_status":"closed","template":"elementor_header_footer","meta":{"footnotes":""},"class_list":["post-969","page","type-page","status-publish","hentry"],"_links":{"self":[{"href":"https:\/\/rommel.adv.br\/en\/wp-json\/wp\/v2\/pages\/969","targetHints":{"allow":["GET"]}}],"collection":[{"href":"https:\/\/rommel.adv.br\/en\/wp-json\/wp\/v2\/pages"}],"about":[{"href":"https:\/\/rommel.adv.br\/en\/wp-json\/wp\/v2\/types\/page"}],"author":[{"embeddable":true,"href":"https:\/\/rommel.adv.br\/en\/wp-json\/wp\/v2\/users\/1"}],"replies":[{"embeddable":true,"href":"https:\/\/rommel.adv.br\/en\/wp-json\/wp\/v2\/comments?post=969"}],"version-history":[{"count":0,"href":"https:\/\/rommel.adv.br\/en\/wp-json\/wp\/v2\/pages\/969\/revisions"}],"wp:attachment":[{"href":"https:\/\/rommel.adv.br\/en\/wp-json\/wp\/v2\/media?parent=969"}],"curies":[{"name":"wp","href":"https:\/\/api.w.org\/{rel}","templated":true}]}}