{"id":882,"date":"2024-01-16T12:56:04","date_gmt":"2024-01-16T15:56:04","guid":{"rendered":"https:\/\/rommel.adv.br\/?page_id=882"},"modified":"2024-02-05T19:23:23","modified_gmt":"2024-02-05T22:23:23","slug":"obrigado","status":"publish","type":"page","link":"https:\/\/rommel.adv.br\/en\/obrigado\/","title":{"rendered":"Obrigado"},"content":{"rendered":"<div data-elementor-type=\"wp-page\" data-elementor-id=\"882\" class=\"elementor elementor-882\" data-elementor-post-type=\"page\">\n\t\t\t\t\t\t<section class=\"elementor-section elementor-top-section elementor-element elementor-element-17400cda elementor-section-boxed elementor-section-height-default elementor-section-height-default\" data-id=\"17400cda\" data-element_type=\"section\" data-settings=\"{&quot;background_background&quot;:&quot;gradient&quot;}\">\n\t\t\t\t\t\t<div class=\"elementor-container elementor-column-gap-default\">\n\t\t\t\t\t<div class=\"elementor-column elementor-col-100 elementor-top-column elementor-element elementor-element-296ad43d\" data-id=\"296ad43d\" data-element_type=\"column\">\n\t\t\t<div class=\"elementor-widget-wrap elementor-element-populated\">\n\t\t\t\t\t\t<div class=\"elementor-element elementor-element-26d89142 elementor-widget elementor-widget-image\" data-id=\"26d89142\" data-element_type=\"widget\" data-widget_type=\"image.default\">\n\t\t\t\t<div class=\"elementor-widget-container\">\n\t\t\t\t\t\t\t\t\t\t\t\t\t\t\t\t<a href=\"https:\/\/rommel.adv.br\/en\">\n\t\t\t\t\t\t\t<img fetchpriority=\"high\" decoding=\"async\" width=\"842\" height=\"298\" src=\"https:\/\/rommel.adv.br\/wp-content\/uploads\/2023\/11\/Logo_Carlos_1507.png\" class=\"attachment-full size-full wp-image-90\" alt=\"Rommel Andriotti Advogados Associados\" srcset=\"https:\/\/rommel.adv.br\/wp-content\/uploads\/2023\/11\/Logo_Carlos_1507.png 842w, https:\/\/rommel.adv.br\/wp-content\/uploads\/2023\/11\/Logo_Carlos_1507-300x106.png 300w, https:\/\/rommel.adv.br\/wp-content\/uploads\/2023\/11\/Logo_Carlos_1507-768x272.png 768w\" sizes=\"(max-width: 842px) 100vw, 842px\" \/>\t\t\t\t\t\t\t\t<\/a>\n\t\t\t\t\t\t\t\t\t\t\t\t\t\t\t<\/div>\n\t\t\t\t<\/div>\n\t\t\t\t<section class=\"elementor-section elementor-inner-section elementor-element elementor-element-3378564 elementor-section-full_width elementor-section-height-default elementor-section-height-default\" data-id=\"3378564\" data-element_type=\"section\" data-settings=\"{&quot;background_background&quot;:&quot;classic&quot;}\">\n\t\t\t\t\t\t<div class=\"elementor-container elementor-column-gap-default\">\n\t\t\t\t\t<div class=\"elementor-column elementor-col-100 elementor-inner-column elementor-element elementor-element-2fe9b6fd\" data-id=\"2fe9b6fd\" data-element_type=\"column\" data-settings=\"{&quot;background_background&quot;:&quot;classic&quot;,&quot;animation&quot;:&quot;none&quot;}\">\n\t\t\t<div class=\"elementor-widget-wrap elementor-element-populated\">\n\t\t\t\t\t\t<div class=\"elementor-element elementor-element-39fa8c00 elementor-widget elementor-widget-heading\" data-id=\"39fa8c00\" data-element_type=\"widget\" data-widget_type=\"heading.default\">\n\t\t\t\t<div class=\"elementor-widget-container\">\n\t\t\t\t\t<h2 class=\"elementor-heading-title elementor-size-default\">Recebemos seu <u>Contato!<\/u> em breve nossa equipe ir\u00e1 lhe retornar.<\/h2>\t\t\t\t<\/div>\n\t\t\t\t<\/div>\n\t\t\t\t<div class=\"elementor-element elementor-element-2926701d elementor-widget elementor-widget-heading\" data-id=\"2926701d\" data-element_type=\"widget\" data-widget_type=\"heading.default\">\n\t\t\t\t<div class=\"elementor-widget-container\">\n\t\t\t\t\t<h2 class=\"elementor-heading-title elementor-size-default\">Quer mais agilidade? Fale Conosco <span style=\"color:#398202\"><b>agora mesmo!<\/b><\/span><\/h2>\t\t\t\t<\/div>\n\t\t\t\t<\/div>\n\t\t\t\t<div class=\"elementor-element elementor-element-6fe7883 elementor-widget-divider--view-line elementor-widget elementor-widget-divider\" data-id=\"6fe7883\" data-element_type=\"widget\" data-widget_type=\"divider.default\">\n\t\t\t\t<div class=\"elementor-widget-container\">\n\t\t\t\t\t\t\t<div class=\"elementor-divider\">\n\t\t\t<span class=\"elementor-divider-separator\">\n\t\t\t\t\t\t<\/span>\n\t\t<\/div>\n\t\t\t\t\t\t<\/div>\n\t\t\t\t<\/div>\n\t\t\t\t<div class=\"elementor-element elementor-element-2c77e23b elementor-widget elementor-widget-text-editor\" data-id=\"2c77e23b\" data-element_type=\"widget\" data-widget_type=\"text-editor.default\">\n\t\t\t\t<div class=\"elementor-widget-container\">\n\t\t\t\t\t\t\t\t\t<div data-pm-slice=\"1 1 []\" data-en-clipboard=\"true\"><b> <span style=\"color: #398202;\">Toque no bot\u00e3o abaixo<\/span><\/b>\u00a0<b>e entre em contato via WhatsApp!<\/b><\/div>\t\t\t\t\t\t\t\t<\/div>\n\t\t\t\t<\/div>\n\t\t\t\t<div class=\"elementor-element elementor-element-3746bb39 elementor-align-center elementor-mobile-align-left elementor-widget elementor-widget-button\" data-id=\"3746bb39\" data-element_type=\"widget\" data-widget_type=\"button.default\">\n\t\t\t\t<div class=\"elementor-widget-container\">\n\t\t\t\t\t\t\t\t\t<div class=\"elementor-button-wrapper\">\n\t\t\t\t\t<a class=\"elementor-button elementor-button-link elementor-size-sm elementor-animation-sink\" href=\"https:\/\/web.whatsapp.com\/send?phone=5511965795671&#038;text=Ol%C3%A1%2C%20vim%20atrav%C3%A9s%20do%20site%20https%3A%2F%2Frommel.adv.br%2F%20tenho%20d%C3%BAvidas%20pode%20me%20ajudar!%3F\">\n\t\t\t\t\t\t<span class=\"elementor-button-content-wrapper\">\n\t\t\t\t\t\t<span class=\"elementor-button-icon\">\n\t\t\t\t<i aria-hidden=\"true\" class=\"fab fa-whatsapp\"><\/i>\t\t\t<\/span>\n\t\t\t\t\t\t\t\t\t<span class=\"elementor-button-text\">Quero atendimento via  WhatsApp<\/span>\n\t\t\t\t\t<\/span>\n\t\t\t\t\t<\/a>\n\t\t\t\t<\/div>\n\t\t\t\t\t\t\t\t<\/div>\n\t\t\t\t<\/div>\n\t\t\t\t<div class=\"elementor-element elementor-element-7db003f6 elementor-widget elementor-widget-text-editor\" data-id=\"7db003f6\" data-element_type=\"widget\" data-widget_type=\"text-editor.default\">\n\t\t\t\t<div class=\"elementor-widget-container\">\n\t\t\t\t\t\t\t\t\t<div data-pm-slice=\"1 1 []\" data-en-clipboard=\"true\"><div data-pm-slice=\"1 1 []\" data-en-clipboard=\"true\">*<strong><span style=\"color: #398202;\">Aten\u00e7\u00e3o<\/span><\/strong>. Assim que enviar sua mensagem, envie seu nome completo que iniciaremos o atendimento.<\/div><\/div>\t\t\t\t\t\t\t\t<\/div>\n\t\t\t\t<\/div>\n\t\t\t\t<div class=\"elementor-element elementor-element-2bc6fb28 elementor-widget elementor-widget-heading\" data-id=\"2bc6fb28\" data-element_type=\"widget\" data-widget_type=\"heading.default\">\n\t\t\t\t<div class=\"elementor-widget-container\">\n\t\t\t\t\t<h1 class=\"elementor-heading-title elementor-size-default\"><a href=\"https:\/\/rommel.adv.br\/en\">Voltar - P\u00e1gina Inicial<\/a><\/h1>\t\t\t\t<\/div>\n\t\t\t\t<\/div>\n\t\t\t\t\t<\/div>\n\t\t<\/div>\n\t\t\t\t\t<\/div>\n\t\t<\/section>\n\t\t\t\t\t<\/div>\n\t\t<\/div>\n\t\t\t\t\t<\/div>\n\t\t<\/section>\n\t\t\t\t<section class=\"elementor-section elementor-top-section elementor-element elementor-element-4e0f2c36 elementor-section-boxed elementor-section-height-default elementor-section-height-default\" data-id=\"4e0f2c36\" data-element_type=\"section\" data-settings=\"{&quot;background_background&quot;:&quot;classic&quot;}\">\n\t\t\t\t\t\t<div class=\"elementor-container elementor-column-gap-default\">\n\t\t\t\t\t<div class=\"elementor-column elementor-col-100 elementor-top-column elementor-element elementor-element-752fdcfd\" data-id=\"752fdcfd\" data-element_type=\"column\">\n\t\t\t<div class=\"elementor-widget-wrap elementor-element-populated\">\n\t\t\t\t\t\t<div class=\"elementor-element elementor-element-759fb820 elementor-widget-tablet__width-initial elementor-widget elementor-widget-text-editor\" data-id=\"759fb820\" data-element_type=\"widget\" data-widget_type=\"text-editor.default\">\n\t\t\t\t<div class=\"elementor-widget-container\">\n\t\t\t\t\t\t\t\t\t<p>Termos de Uso | Pol\u00edtica de Privacidade <br \/>\u00a9 Rommel Andriotti Advogados Associados | Todos os direitos reservados.<\/p>\t\t\t\t\t\t\t\t<\/div>\n\t\t\t\t<\/div>\n\t\t\t\t\t<\/div>\n\t\t<\/div>\n\t\t\t\t\t<\/div>\n\t\t<\/section>\n\t\t\t\t<\/div>","protected":false},"excerpt":{"rendered":"<p>Recebemos seu Contato! em breve nossa equipe ir\u00e1 lhe retornar. Quer mais agilidade? Fale Conosco agora mesmo! Toque no bot\u00e3o abaixo\u00a0e entre em contato via WhatsApp! Quero atendimento via WhatsApp *Aten\u00e7\u00e3o. Assim que enviar sua mensagem, envie seu nome completo que iniciaremos o atendimento. Voltar &#8211; P\u00e1gina Inicial Termos de Uso | Pol\u00edtica de Privacidade [&hellip;]<\/p>","protected":false},"author":1,"featured_media":0,"parent":0,"menu_order":0,"comment_status":"closed","ping_status":"closed","template":"elementor_canvas","meta":{"footnotes":""},"class_list":["post-882","page","type-page","status-publish","hentry"],"_links":{"self":[{"href":"https:\/\/rommel.adv.br\/en\/wp-json\/wp\/v2\/pages\/882","targetHints":{"allow":["GET"]}}],"collection":[{"href":"https:\/\/rommel.adv.br\/en\/wp-json\/wp\/v2\/pages"}],"about":[{"href":"https:\/\/rommel.adv.br\/en\/wp-json\/wp\/v2\/types\/page"}],"author":[{"embeddable":true,"href":"https:\/\/rommel.adv.br\/en\/wp-json\/wp\/v2\/users\/1"}],"replies":[{"embeddable":true,"href":"https:\/\/rommel.adv.br\/en\/wp-json\/wp\/v2\/comments?post=882"}],"version-history":[{"count":0,"href":"https:\/\/rommel.adv.br\/en\/wp-json\/wp\/v2\/pages\/882\/revisions"}],"wp:attachment":[{"href":"https:\/\/rommel.adv.br\/en\/wp-json\/wp\/v2\/media?parent=882"}],"curies":[{"name":"wp","href":"https:\/\/api.w.org\/{rel}","templated":true}]}}