{"id":610,"date":"2024-01-15T09:04:36","date_gmt":"2024-01-15T12:04:36","guid":{"rendered":"https:\/\/rommel.adv.br\/?page_id=610"},"modified":"2024-01-15T10:38:56","modified_gmt":"2024-01-15T13:38:56","slug":"areas-de-atuacao","status":"publish","type":"page","link":"https:\/\/rommel.adv.br\/en\/areas-de-atuacao\/","title":{"rendered":"Areas of Activity"},"content":{"rendered":"<div data-elementor-type=\"wp-page\" data-elementor-id=\"610\" class=\"elementor elementor-610\" data-elementor-post-type=\"page\">\n\t\t\t\t\t\t<section class=\"elementor-section elementor-top-section elementor-element elementor-element-15382577 elementor-section-boxed elementor-section-height-default elementor-section-height-default\" data-id=\"15382577\" data-element_type=\"section\" data-settings=\"{&quot;background_background&quot;:&quot;classic&quot;}\">\n\t\t\t\t\t\t\t<div class=\"elementor-background-overlay\"><\/div>\n\t\t\t\t\t\t\t<div class=\"elementor-container elementor-column-gap-default\">\n\t\t\t\t\t<div class=\"elementor-column elementor-col-100 elementor-top-column elementor-element elementor-element-1ff3bf64\" data-id=\"1ff3bf64\" data-element_type=\"column\">\n\t\t\t<div class=\"elementor-widget-wrap elementor-element-populated\">\n\t\t\t\t\t\t<div class=\"elementor-element elementor-element-6dc7a826 elementor-widget-divider--view-line elementor-widget elementor-widget-divider\" data-id=\"6dc7a826\" data-element_type=\"widget\" data-widget_type=\"divider.default\">\n\t\t\t\t<div class=\"elementor-widget-container\">\n\t\t\t\t\t\t\t<div class=\"elementor-divider\">\n\t\t\t<span class=\"elementor-divider-separator\">\n\t\t\t\t\t\t<\/span>\n\t\t<\/div>\n\t\t\t\t\t\t<\/div>\n\t\t\t\t<\/div>\n\t\t\t\t\t<\/div>\n\t\t<\/div>\n\t\t\t\t\t<\/div>\n\t\t<\/section>\n\t\t\t\t<section class=\"elementor-section elementor-top-section elementor-element elementor-element-7f9fc69 elementor-section-boxed elementor-section-height-default elementor-section-height-default\" data-id=\"7f9fc69\" data-element_type=\"section\" data-settings=\"{&quot;background_background&quot;:&quot;classic&quot;}\">\n\t\t\t\t\t\t\t<div class=\"elementor-background-overlay\"><\/div>\n\t\t\t\t\t\t\t<div class=\"elementor-container elementor-column-gap-default\">\n\t\t\t\t\t<div class=\"elementor-column elementor-col-100 elementor-top-column elementor-element elementor-element-da2827f\" data-id=\"da2827f\" data-element_type=\"column\">\n\t\t\t<div class=\"elementor-widget-wrap elementor-element-populated\">\n\t\t\t\t\t\t<div class=\"elementor-element elementor-element-3eff113 elementor-invisible elementor-widget elementor-widget-heading\" data-id=\"3eff113\" data-element_type=\"widget\" data-settings=\"{&quot;_animation&quot;:&quot;fadeInUp&quot;,&quot;_animation_delay&quot;:250}\" data-widget_type=\"heading.default\">\n\t\t\t\t<div class=\"elementor-widget-container\">\n\t\t\t\t\t<h4 class=\"elementor-heading-title elementor-size-default\">OTHER SERVICES<\/h4>\t\t\t\t<\/div>\n\t\t\t\t<\/div>\n\t\t\t\t<div class=\"elementor-element elementor-element-6f88011 elementor-invisible elementor-widget elementor-widget-heading\" data-id=\"6f88011\" data-element_type=\"widget\" data-settings=\"{&quot;_animation&quot;:&quot;fadeInUp&quot;}\" data-widget_type=\"heading.default\">\n\t\t\t\t<div class=\"elementor-widget-container\">\n\t\t\t\t\t<h2 class=\"elementor-heading-title elementor-size-default\">Areas of Legal Practice<\/h2>\t\t\t\t<\/div>\n\t\t\t\t<\/div>\n\t\t\t\t<section class=\"elementor-section elementor-inner-section elementor-element elementor-element-8e137fb elementor-section-boxed elementor-section-height-default elementor-section-height-default\" data-id=\"8e137fb\" data-element_type=\"section\">\n\t\t\t\t\t\t<div class=\"elementor-container elementor-column-gap-default\">\n\t\t\t\t\t<div class=\"elementor-column elementor-col-33 elementor-inner-column elementor-element elementor-element-b170f2a\" data-id=\"b170f2a\" data-element_type=\"column\">\n\t\t\t<div class=\"elementor-widget-wrap elementor-element-populated\">\n\t\t\t\t\t\t<div class=\"elementor-element elementor-element-e9e717a elementor-position-top elementor-invisible elementor-widget elementor-widget-image-box\" data-id=\"e9e717a\" data-element_type=\"widget\" data-settings=\"{&quot;_animation&quot;:&quot;fadeIn&quot;,&quot;_animation_delay&quot;:500}\" data-widget_type=\"image-box.default\">\n\t\t\t\t<div class=\"elementor-widget-container\">\n\t\t\t\t\t<div class=\"elementor-image-box-wrapper\"><figure class=\"elementor-image-box-img\"><img fetchpriority=\"high\" decoding=\"async\" width=\"252\" height=\"252\" src=\"https:\/\/rommel.adv.br\/wp-content\/uploads\/2023\/11\/icolaw020.png\" class=\"elementor-animation-shrink attachment-full size-full wp-image-56\" alt=\"\" srcset=\"https:\/\/rommel.adv.br\/wp-content\/uploads\/2023\/11\/icolaw020.png 252w, https:\/\/rommel.adv.br\/wp-content\/uploads\/2023\/11\/icolaw020-150x150.png 150w\" sizes=\"(max-width: 252px) 100vw, 252px\" \/><\/figure><div class=\"elementor-image-box-content\"><h3 class=\"elementor-image-box-title\">Civil Law;<\/h3><p class=\"elementor-image-box-description\">It encompasses all aspects of a person's private life, such as their contracts, movable and immovable assets and liability in the event of material damage or moral damage, among other matters. <\/p><\/div><\/div>\t\t\t\t<\/div>\n\t\t\t\t<\/div>\n\t\t\t\t\t<\/div>\n\t\t<\/div>\n\t\t\t\t<div class=\"elementor-column elementor-col-33 elementor-inner-column elementor-element elementor-element-d0870d1\" data-id=\"d0870d1\" data-element_type=\"column\">\n\t\t\t<div class=\"elementor-widget-wrap elementor-element-populated\">\n\t\t\t\t\t\t<div class=\"elementor-element elementor-element-74dc289 elementor-position-top elementor-invisible elementor-widget elementor-widget-image-box\" data-id=\"74dc289\" data-element_type=\"widget\" data-settings=\"{&quot;_animation&quot;:&quot;fadeIn&quot;,&quot;_animation_delay&quot;:500}\" data-widget_type=\"image-box.default\">\n\t\t\t\t<div class=\"elementor-widget-container\">\n\t\t\t\t\t<div class=\"elementor-image-box-wrapper\"><figure class=\"elementor-image-box-img\"><img decoding=\"async\" width=\"252\" height=\"252\" src=\"https:\/\/rommel.adv.br\/wp-content\/uploads\/2023\/11\/icolaw016.png\" class=\"elementor-animation-shrink attachment-full size-full wp-image-57\" alt=\"\" srcset=\"https:\/\/rommel.adv.br\/wp-content\/uploads\/2023\/11\/icolaw016.png 252w, https:\/\/rommel.adv.br\/wp-content\/uploads\/2023\/11\/icolaw016-150x150.png 150w\" sizes=\"(max-width: 252px) 100vw, 252px\" \/><\/figure><div class=\"elementor-image-box-content\"><h3 class=\"elementor-image-box-title\">Business Law;<\/h3><p class=\"elementor-image-box-description\">Branch of law that governs companies, commercial contracts, corporate law, credit securities and recoveries and bankruptcies, among other related topics.<\/p><\/div><\/div>\t\t\t\t<\/div>\n\t\t\t\t<\/div>\n\t\t\t\t\t<\/div>\n\t\t<\/div>\n\t\t\t\t<div class=\"elementor-column elementor-col-33 elementor-inner-column elementor-element elementor-element-ed2e369\" data-id=\"ed2e369\" data-element_type=\"column\">\n\t\t\t<div class=\"elementor-widget-wrap elementor-element-populated\">\n\t\t\t\t\t\t<div class=\"elementor-element elementor-element-2e84c96 elementor-position-top elementor-invisible elementor-widget elementor-widget-image-box\" data-id=\"2e84c96\" data-element_type=\"widget\" data-settings=\"{&quot;_animation&quot;:&quot;fadeIn&quot;,&quot;_animation_delay&quot;:500}\" data-widget_type=\"image-box.default\">\n\t\t\t\t<div class=\"elementor-widget-container\">\n\t\t\t\t\t<div class=\"elementor-image-box-wrapper\"><figure class=\"elementor-image-box-img\"><img decoding=\"async\" width=\"253\" height=\"253\" src=\"https:\/\/rommel.adv.br\/wp-content\/uploads\/2023\/11\/icolaw013.png\" class=\"elementor-animation-shrink attachment-full size-full wp-image-58\" alt=\"\" srcset=\"https:\/\/rommel.adv.br\/wp-content\/uploads\/2023\/11\/icolaw013.png 253w, https:\/\/rommel.adv.br\/wp-content\/uploads\/2023\/11\/icolaw013-150x150.png 150w\" sizes=\"(max-width: 253px) 100vw, 253px\" \/><\/figure><div class=\"elementor-image-box-content\"><h3 class=\"elementor-image-box-title\">Heritage Investigation:<\/h3><p class=\"elementor-image-box-description\">set of legal measures and research into open data sources, carried out when the interested party has just cause to do so, and which aims to clarify a person's assets, elucidate the risks of contracting with a person or promote the dismantling of fraud.<\/p><\/div><\/div>\t\t\t\t<\/div>\n\t\t\t\t<\/div>\n\t\t\t\t\t<\/div>\n\t\t<\/div>\n\t\t\t\t\t<\/div>\n\t\t<\/section>\n\t\t\t\t<section class=\"elementor-section elementor-inner-section elementor-element elementor-element-5f13153 elementor-section-boxed elementor-section-height-default elementor-section-height-default\" data-id=\"5f13153\" data-element_type=\"section\">\n\t\t\t\t\t\t<div class=\"elementor-container elementor-column-gap-default\">\n\t\t\t\t\t<div class=\"elementor-column elementor-col-50 elementor-inner-column elementor-element elementor-element-4d83747\" data-id=\"4d83747\" data-element_type=\"column\">\n\t\t\t<div class=\"elementor-widget-wrap elementor-element-populated\">\n\t\t\t\t\t\t<div class=\"elementor-element elementor-element-edc4dbf elementor-position-top elementor-invisible elementor-widget elementor-widget-image-box\" data-id=\"edc4dbf\" data-element_type=\"widget\" data-settings=\"{&quot;_animation&quot;:&quot;fadeIn&quot;,&quot;_animation_delay&quot;:500}\" data-widget_type=\"image-box.default\">\n\t\t\t\t<div class=\"elementor-widget-container\">\n\t\t\t\t\t<div class=\"elementor-image-box-wrapper\"><figure class=\"elementor-image-box-img\"><img loading=\"lazy\" decoding=\"async\" width=\"252\" height=\"252\" src=\"https:\/\/rommel.adv.br\/wp-content\/uploads\/2023\/11\/icolaw018.png\" class=\"elementor-animation-shrink attachment-full size-full wp-image-59\" alt=\"\" srcset=\"https:\/\/rommel.adv.br\/wp-content\/uploads\/2023\/11\/icolaw018.png 252w, https:\/\/rommel.adv.br\/wp-content\/uploads\/2023\/11\/icolaw018-150x150.png 150w\" sizes=\"(max-width: 252px) 100vw, 252px\" \/><\/figure><div class=\"elementor-image-box-content\"><h3 class=\"elementor-image-box-title\">Credit Recovery:<\/h3><p class=\"elementor-image-box-description\">It refers to the universe of actions that aim to repair defaults by debtors who have assets and even do not honor their creditors or who in any way illegitimately obstruct the payment of their debts.<\/p><\/div><\/div>\t\t\t\t<\/div>\n\t\t\t\t<\/div>\n\t\t\t\t\t<\/div>\n\t\t<\/div>\n\t\t\t\t<div class=\"elementor-column elementor-col-50 elementor-inner-column elementor-element elementor-element-9aeee07\" data-id=\"9aeee07\" data-element_type=\"column\">\n\t\t\t<div class=\"elementor-widget-wrap elementor-element-populated\">\n\t\t\t\t\t\t<div class=\"elementor-element elementor-element-63bd7e2 elementor-position-top elementor-invisible elementor-widget elementor-widget-image-box\" data-id=\"63bd7e2\" data-element_type=\"widget\" data-settings=\"{&quot;_animation&quot;:&quot;fadeIn&quot;,&quot;_animation_delay&quot;:500}\" data-widget_type=\"image-box.default\">\n\t\t\t\t<div class=\"elementor-widget-container\">\n\t\t\t\t\t<div class=\"elementor-image-box-wrapper\"><figure class=\"elementor-image-box-img\"><img loading=\"lazy\" decoding=\"async\" width=\"252\" height=\"252\" src=\"https:\/\/rommel.adv.br\/wp-content\/uploads\/2023\/11\/icolaw015.png\" class=\"elementor-animation-shrink attachment-full size-full wp-image-60\" alt=\"\" srcset=\"https:\/\/rommel.adv.br\/wp-content\/uploads\/2023\/11\/icolaw015.png 252w, https:\/\/rommel.adv.br\/wp-content\/uploads\/2023\/11\/icolaw015-150x150.png 150w\" sizes=\"(max-width: 252px) 100vw, 252px\" \/><\/figure><div class=\"elementor-image-box-content\"><h3 class=\"elementor-image-box-title\">Family Law;<\/h3><p class=\"elementor-image-box-description\">Branch of law that governs marriage, divorce, filiation, kinship relations, succession, inventories, wills and other topics.<\/p><\/div><\/div>\t\t\t\t<\/div>\n\t\t\t\t<\/div>\n\t\t\t\t\t<\/div>\n\t\t<\/div>\n\t\t\t\t\t<\/div>\n\t\t<\/section>\n\t\t\t\t\t<\/div>\n\t\t<\/div>\n\t\t\t\t\t<\/div>\n\t\t<\/section>\n\t\t\t\t<\/div>","protected":false},"excerpt":{"rendered":"<p>OUTROS SERVI\u00c7OS \u00c1reas de Pr\u00e1tica Jur\u00eddica Direito Civil: Engloba todos os aspectos da vida particular da pessoa, como seus contratos, bens m\u00f3veis e im\u00f3veis e a responsabiliza\u00e7\u00e3o em caso de dano material ou dano moral, entre outras mat\u00e9rias. Direito Empresarial: Ramo do direito que rege as empresas, os contratos mercantis, o direito societ\u00e1rio, os t\u00edtulos [&hellip;]<\/p>","protected":false},"author":1,"featured_media":0,"parent":0,"menu_order":0,"comment_status":"closed","ping_status":"closed","template":"elementor_header_footer","meta":{"footnotes":""},"class_list":["post-610","page","type-page","status-publish","hentry"],"_links":{"self":[{"href":"https:\/\/rommel.adv.br\/en\/wp-json\/wp\/v2\/pages\/610","targetHints":{"allow":["GET"]}}],"collection":[{"href":"https:\/\/rommel.adv.br\/en\/wp-json\/wp\/v2\/pages"}],"about":[{"href":"https:\/\/rommel.adv.br\/en\/wp-json\/wp\/v2\/types\/page"}],"author":[{"embeddable":true,"href":"https:\/\/rommel.adv.br\/en\/wp-json\/wp\/v2\/users\/1"}],"replies":[{"embeddable":true,"href":"https:\/\/rommel.adv.br\/en\/wp-json\/wp\/v2\/comments?post=610"}],"version-history":[{"count":0,"href":"https:\/\/rommel.adv.br\/en\/wp-json\/wp\/v2\/pages\/610\/revisions"}],"wp:attachment":[{"href":"https:\/\/rommel.adv.br\/en\/wp-json\/wp\/v2\/media?parent=610"}],"curies":[{"name":"wp","href":"https:\/\/api.w.org\/{rel}","templated":true}]}}